{"id":5403,"date":"2022-05-11T10:21:12","date_gmt":"2022-05-11T08:21:12","guid":{"rendered":"https:\/\/www.ateliernieri.it\/\/design\/"},"modified":"2022-05-17T14:06:23","modified_gmt":"2022-05-17T12:06:23","slug":"design","status":"publish","type":"page","link":"https:\/\/www.ateliernieri.it\/fr\/design\/","title":{"rendered":"Design"},"content":{"rendered":"\t\t<div data-elementor-type=\"wp-page\" data-elementor-id=\"5403\" class=\"elementor elementor-5403 elementor-4082\" data-elementor-post-type=\"page\">\n\t\t\t\t\t\t<section class=\"elementor-section elementor-top-section elementor-element elementor-element-68b308f elementor-section-full_width elementor-section-height-min-height elementor-section-height-default elementor-section-items-middle\" data-id=\"68b308f\" data-element_type=\"section\" data-settings=\"{&quot;background_background&quot;:&quot;classic&quot;}\">\n\t\t\t\t\t\t<div class=\"elementor-container elementor-column-gap-default\">\n\t\t\t\t\t<div class=\"elementor-column elementor-col-100 elementor-top-column elementor-element elementor-element-a19e085\" data-id=\"a19e085\" data-element_type=\"column\" data-settings=\"{&quot;background_background&quot;:&quot;classic&quot;}\">\n\t\t\t<div class=\"elementor-widget-wrap elementor-element-populated\">\n\t\t\t\t\t\t<div class=\"elementor-element elementor-element-77c83ff pp-dual-heading-inline elementor-widget elementor-widget-pp-dual-heading\" data-id=\"77c83ff\" data-element_type=\"widget\" data-widget_type=\"pp-dual-heading.default\">\n\t\t\t\t<div class=\"elementor-widget-container\">\n\t\t\t\t\t<h2 class=\"pp-dual-heading\"><span class=\"pp-first-text\">D<\/span><span class=\"pp-second-text\">esing<\/span><\/h2>\t\t\t\t<\/div>\n\t\t\t\t<\/div>\n\t\t\t\t\t<\/div>\n\t\t<\/div>\n\t\t\t\t\t<\/div>\n\t\t<\/section>\n\t\t\t\t<section class=\"elementor-section elementor-top-section elementor-element elementor-element-358d4a79 elementor-section-content-middle elementor-reverse-mobile elementor-section-full_width elementor-section-height-default elementor-section-height-default\" data-id=\"358d4a79\" data-element_type=\"section\" data-settings=\"{&quot;background_background&quot;:&quot;classic&quot;}\">\n\t\t\t\t\t\t<div class=\"elementor-container elementor-column-gap-no\">\n\t\t\t\t\t<div class=\"elementor-column elementor-col-50 elementor-top-column elementor-element elementor-element-3226caaf\" data-id=\"3226caaf\" data-element_type=\"column\">\n\t\t\t<div class=\"elementor-widget-wrap elementor-element-populated\">\n\t\t\t\t\t\t<div class=\"elementor-element elementor-element-5d1e337 elementor-widget elementor-widget-heading\" data-id=\"5d1e337\" data-element_type=\"widget\" data-widget_type=\"heading.default\">\n\t\t\t\t<div class=\"elementor-widget-container\">\n\t\t\t\t\t<h4 class=\"elementor-heading-title elementor-size-default\"><span style=\"color:#0000ff\">Avant d\u2019\u00eatre un produi<\/span> Atelier Nieri est une id\u00e9e de conception<\/h4>\t\t\t\t<\/div>\n\t\t\t\t<\/div>\n\t\t\t\t<div class=\"elementor-element elementor-element-5412a538 elementor-widget elementor-widget-text-editor\" data-id=\"5412a538\" data-element_type=\"widget\" data-widget_type=\"text-editor.default\">\n\t\t\t\t<div class=\"elementor-widget-container\">\n\t\t\t\t\t\t\t\t\t<p>Maurizio Nieri, troisi\u00e8me g\u00e9n\u00e9ration et actuel directeur cr\u00e9atif de la soci\u00e9t\u00e9, identifie dans la culture du savoir-faire, dans l\u2019\u00e9thique du travail et dans la connaissance technique, les fondements de l\u2019Atelier Nieri. L\u2019entreprise confirme et enrichit chaque jour sa valeur cr\u00e9ative et qualitative avec un style de proposition unique et distinct, qui na\u00eet d\u2019une multiplicit\u00e9 de produits li\u00e9s \u00e0 la contemporan\u00e9it\u00e9.<\/p>\t\t\t\t\t\t\t\t<\/div>\n\t\t\t\t<\/div>\n\t\t\t\t\t<\/div>\n\t\t<\/div>\n\t\t\t\t<div class=\"elementor-column elementor-col-50 elementor-top-column elementor-element elementor-element-6c39f677\" data-id=\"6c39f677\" data-element_type=\"column\">\n\t\t\t<div class=\"elementor-widget-wrap elementor-element-populated\">\n\t\t\t\t\t\t<div class=\"elementor-element elementor-element-3efd1bf4 elementor-widget elementor-widget-image\" data-id=\"3efd1bf4\" data-element_type=\"widget\" data-widget_type=\"image.default\">\n\t\t\t\t<div class=\"elementor-widget-container\">\n\t\t\t\t\t\t\t\t\t\t\t\t\t\t\t<img fetchpriority=\"high\" decoding=\"async\" width=\"1400\" height=\"1600\" src=\"https:\/\/www.ateliernieri.it\/wp-content\/uploads\/2022\/05\/Maurizio-Nieri-8408-1.jpg\" class=\"attachment-full size-full wp-image-5394\" alt=\"\" srcset=\"https:\/\/www.ateliernieri.it\/wp-content\/uploads\/2022\/05\/Maurizio-Nieri-8408-1.jpg 1400w, https:\/\/www.ateliernieri.it\/wp-content\/uploads\/2022\/05\/Maurizio-Nieri-8408-1-263x300.jpg 263w, https:\/\/www.ateliernieri.it\/wp-content\/uploads\/2022\/05\/Maurizio-Nieri-8408-1-896x1024.jpg 896w, https:\/\/www.ateliernieri.it\/wp-content\/uploads\/2022\/05\/Maurizio-Nieri-8408-1-768x878.jpg 768w, https:\/\/www.ateliernieri.it\/wp-content\/uploads\/2022\/05\/Maurizio-Nieri-8408-1-1344x1536.jpg 1344w\" sizes=\"(max-width: 1400px) 100vw, 1400px\" \/>\t\t\t\t\t\t\t\t\t\t\t\t\t\t\t<\/div>\n\t\t\t\t<\/div>\n\t\t\t\t\t<\/div>\n\t\t<\/div>\n\t\t\t\t\t<\/div>\n\t\t<\/section>\n\t\t\t\t<section class=\"elementor-section elementor-top-section elementor-element elementor-element-6edefd7 elementor-section-content-middle elementor-reverse-mobile elementor-section-full_width elementor-section-height-default elementor-section-height-default\" data-id=\"6edefd7\" data-element_type=\"section\" data-settings=\"{&quot;background_background&quot;:&quot;classic&quot;}\">\n\t\t\t\t\t\t<div class=\"elementor-container elementor-column-gap-no\">\n\t\t\t\t\t<div class=\"elementor-column elementor-col-50 elementor-top-column elementor-element elementor-element-c18dae0\" data-id=\"c18dae0\" data-element_type=\"column\">\n\t\t\t<div class=\"elementor-widget-wrap elementor-element-populated\">\n\t\t\t\t\t\t<div class=\"elementor-element elementor-element-f7b80f0 elementor-widget elementor-widget-image\" data-id=\"f7b80f0\" data-element_type=\"widget\" data-widget_type=\"image.default\">\n\t\t\t\t<div class=\"elementor-widget-container\">\n\t\t\t\t\t\t\t\t\t\t\t\t\t\t\t<img decoding=\"async\" width=\"1400\" height=\"1600\" src=\"https:\/\/www.ateliernieri.it\/wp-content\/uploads\/2022\/05\/tuscany.jpg\" class=\"attachment-full size-full wp-image-5398\" alt=\"\" srcset=\"https:\/\/www.ateliernieri.it\/wp-content\/uploads\/2022\/05\/tuscany.jpg 1400w, https:\/\/www.ateliernieri.it\/wp-content\/uploads\/2022\/05\/tuscany-263x300.jpg 263w, https:\/\/www.ateliernieri.it\/wp-content\/uploads\/2022\/05\/tuscany-896x1024.jpg 896w, https:\/\/www.ateliernieri.it\/wp-content\/uploads\/2022\/05\/tuscany-768x878.jpg 768w, https:\/\/www.ateliernieri.it\/wp-content\/uploads\/2022\/05\/tuscany-1344x1536.jpg 1344w\" sizes=\"(max-width: 1400px) 100vw, 1400px\" \/>\t\t\t\t\t\t\t\t\t\t\t\t\t\t\t<\/div>\n\t\t\t\t<\/div>\n\t\t\t\t\t<\/div>\n\t\t<\/div>\n\t\t\t\t<div class=\"elementor-column elementor-col-50 elementor-top-column elementor-element elementor-element-2e9de57\" data-id=\"2e9de57\" data-element_type=\"column\" data-settings=\"{&quot;background_background&quot;:&quot;classic&quot;}\">\n\t\t\t<div class=\"elementor-widget-wrap elementor-element-populated\">\n\t\t\t\t\t\t<div class=\"elementor-element elementor-element-1825692 elementor-widget elementor-widget-heading\" data-id=\"1825692\" data-element_type=\"widget\" data-widget_type=\"heading.default\">\n\t\t\t\t<div class=\"elementor-widget-container\">\n\t\t\t\t\t<h4 class=\"elementor-heading-title elementor-size-default\"><span style=\"color:#0000ff\">Toscane <\/span><br>Le territoire, berceau du design<\/h4>\t\t\t\t<\/div>\n\t\t\t\t<\/div>\n\t\t\t\t<div class=\"elementor-element elementor-element-1fcc1d2 elementor-widget elementor-widget-text-editor\" data-id=\"1fcc1d2\" data-element_type=\"widget\" data-widget_type=\"text-editor.default\">\n\t\t\t\t<div class=\"elementor-widget-container\">\n\t\t\t\t\t\t\t\t\t<p>La recherche de la forme juste est une vocation pour la qualit\u00e9 et tire sa valeur de l\u2019utilisation des mat\u00e9riaux pr\u00e9cieux et des inspirations sophistiqu\u00e9es qui d\u00e9rivent des paysages du panorama italien.<\/p><p>Florence est aujourd\u2019hui une ville dynamique, c\u00e9l\u00e8bre pour ses activit\u00e9s cr\u00e9atives li\u00e9es \u00e0 la mode, au design, \u00e0 la restauration, \u00e0 l\u2019artisanat : pourtant le pass\u00e9 est omnipr\u00e9sent et le centre urbain et la campagne sont encore aujourd\u2019hui comme dans les si\u00e8cles pass\u00e9s indissolublement li\u00e9s. Et c\u2019est de ce panorama que l\u2019Atelier Nieri s\u2019inspire pour son design Made in Italy.<\/p>\t\t\t\t\t\t\t\t<\/div>\n\t\t\t\t<\/div>\n\t\t\t\t\t<\/div>\n\t\t<\/div>\n\t\t\t\t\t<\/div>\n\t\t<\/section>\n\t\t\t\t<section class=\"elementor-section elementor-top-section elementor-element elementor-element-4c182ca elementor-section-content-middle elementor-reverse-mobile elementor-section-full_width elementor-section-height-default elementor-section-height-default\" data-id=\"4c182ca\" data-element_type=\"section\" data-settings=\"{&quot;background_background&quot;:&quot;classic&quot;}\">\n\t\t\t\t\t\t<div class=\"elementor-container elementor-column-gap-no\">\n\t\t\t\t\t<div class=\"elementor-column elementor-col-50 elementor-top-column elementor-element elementor-element-2c14d12\" data-id=\"2c14d12\" data-element_type=\"column\">\n\t\t\t<div class=\"elementor-widget-wrap elementor-element-populated\">\n\t\t\t\t\t\t<div class=\"elementor-element elementor-element-993cf72 elementor-widget elementor-widget-heading\" data-id=\"993cf72\" data-element_type=\"widget\" data-widget_type=\"heading.default\">\n\t\t\t\t<div class=\"elementor-widget-container\">\n\t\t\t\t\t<h4 class=\"elementor-heading-title elementor-size-default\"><span style=\"color:#0000ff\">Mode <\/span>Style italien<\/h4>\t\t\t\t<\/div>\n\t\t\t\t<\/div>\n\t\t\t\t<div class=\"elementor-element elementor-element-05c3f83 elementor-widget elementor-widget-text-editor\" data-id=\"05c3f83\" data-element_type=\"widget\" data-widget_type=\"text-editor.default\">\n\t\t\t\t<div class=\"elementor-widget-container\">\n\t\t\t\t\t\t\t\t\t<p>Le savoir-faire de l\u2019artisanat italien est un fil conducteur qui relie la mode au design. La mode italienne est li\u00e9e au concept plus g\u00e9n\u00e9ral du \u201cMade in Italy\u201d, une marque de produits exprimant l\u2019excellence de la cr\u00e9ativit\u00e9 et de l\u2019artisanat. Les produits de luxe italiens sont r\u00e9put\u00e9s pour la qualit\u00e9 de leurs tissus, l&rsquo;\u00e9l\u00e9gance et le raffinement de leur construction. La marque se distingue par ses produits de fabrication unique, qui \u00e9chappent \u00e0 l\u2019uniformit\u00e9 des conventions pour en affirmer le caract\u00e8re unique et merveilleux.<\/p>\t\t\t\t\t\t\t\t<\/div>\n\t\t\t\t<\/div>\n\t\t\t\t\t<\/div>\n\t\t<\/div>\n\t\t\t\t<div class=\"elementor-column elementor-col-50 elementor-top-column elementor-element elementor-element-de8b8e7\" data-id=\"de8b8e7\" data-element_type=\"column\">\n\t\t\t<div class=\"elementor-widget-wrap elementor-element-populated\">\n\t\t\t\t\t\t<div class=\"elementor-element elementor-element-047f61f elementor-widget elementor-widget-image\" data-id=\"047f61f\" data-element_type=\"widget\" data-widget_type=\"image.default\">\n\t\t\t\t<div class=\"elementor-widget-container\">\n\t\t\t\t\t\t\t\t\t\t\t\t\t\t\t<img decoding=\"async\" width=\"1400\" height=\"1600\" src=\"https:\/\/www.ateliernieri.it\/wp-content\/uploads\/2022\/05\/moda.jpg\" class=\"attachment-full size-full wp-image-5400\" alt=\"\" srcset=\"https:\/\/www.ateliernieri.it\/wp-content\/uploads\/2022\/05\/moda.jpg 1400w, https:\/\/www.ateliernieri.it\/wp-content\/uploads\/2022\/05\/moda-263x300.jpg 263w, https:\/\/www.ateliernieri.it\/wp-content\/uploads\/2022\/05\/moda-896x1024.jpg 896w, https:\/\/www.ateliernieri.it\/wp-content\/uploads\/2022\/05\/moda-768x878.jpg 768w, https:\/\/www.ateliernieri.it\/wp-content\/uploads\/2022\/05\/moda-1344x1536.jpg 1344w\" sizes=\"(max-width: 1400px) 100vw, 1400px\" \/>\t\t\t\t\t\t\t\t\t\t\t\t\t\t\t<\/div>\n\t\t\t\t<\/div>\n\t\t\t\t\t<\/div>\n\t\t<\/div>\n\t\t\t\t\t<\/div>\n\t\t<\/section>\n\t\t\t\t<section class=\"elementor-section elementor-top-section elementor-element elementor-element-a12b95c elementor-section-content-middle elementor-reverse-mobile elementor-section-full_width elementor-section-height-default elementor-section-height-default\" data-id=\"a12b95c\" data-element_type=\"section\" data-settings=\"{&quot;background_background&quot;:&quot;classic&quot;}\">\n\t\t\t\t\t\t<div class=\"elementor-container elementor-column-gap-no\">\n\t\t\t\t\t<div class=\"elementor-column elementor-col-50 elementor-top-column elementor-element elementor-element-5d504ee\" data-id=\"5d504ee\" data-element_type=\"column\">\n\t\t\t<div class=\"elementor-widget-wrap elementor-element-populated\">\n\t\t\t\t\t\t<div class=\"elementor-element elementor-element-189298a elementor-widget elementor-widget-image\" data-id=\"189298a\" data-element_type=\"widget\" data-widget_type=\"image.default\">\n\t\t\t\t<div class=\"elementor-widget-container\">\n\t\t\t\t\t\t\t\t\t\t\t\t\t\t\t<img loading=\"lazy\" decoding=\"async\" width=\"1400\" height=\"1600\" src=\"https:\/\/www.ateliernieri.it\/wp-content\/uploads\/2022\/05\/arte.jpg\" class=\"attachment-full size-full wp-image-5402\" alt=\"\" srcset=\"https:\/\/www.ateliernieri.it\/wp-content\/uploads\/2022\/05\/arte.jpg 1400w, https:\/\/www.ateliernieri.it\/wp-content\/uploads\/2022\/05\/arte-263x300.jpg 263w, https:\/\/www.ateliernieri.it\/wp-content\/uploads\/2022\/05\/arte-896x1024.jpg 896w, https:\/\/www.ateliernieri.it\/wp-content\/uploads\/2022\/05\/arte-768x878.jpg 768w, https:\/\/www.ateliernieri.it\/wp-content\/uploads\/2022\/05\/arte-1344x1536.jpg 1344w\" sizes=\"(max-width: 1400px) 100vw, 1400px\" \/>\t\t\t\t\t\t\t\t\t\t\t\t\t\t\t<\/div>\n\t\t\t\t<\/div>\n\t\t\t\t\t<\/div>\n\t\t<\/div>\n\t\t\t\t<div class=\"elementor-column elementor-col-50 elementor-top-column elementor-element elementor-element-2d9481a\" data-id=\"2d9481a\" data-element_type=\"column\" data-settings=\"{&quot;background_background&quot;:&quot;classic&quot;}\">\n\t\t\t<div class=\"elementor-widget-wrap elementor-element-populated\">\n\t\t\t\t\t\t<div class=\"elementor-element elementor-element-e1fc744 elementor-widget elementor-widget-heading\" data-id=\"e1fc744\" data-element_type=\"widget\" data-widget_type=\"heading.default\">\n\t\t\t\t<div class=\"elementor-widget-container\">\n\t\t\t\t\t<h4 class=\"elementor-heading-title elementor-size-default\"><span style=\"color:#0000ff\">Art <\/span><br>Italian beauty<\/h4>\t\t\t\t<\/div>\n\t\t\t\t<\/div>\n\t\t\t\t<div class=\"elementor-element elementor-element-81f4559 elementor-widget elementor-widget-text-editor\" data-id=\"81f4559\" data-element_type=\"widget\" data-widget_type=\"text-editor.default\">\n\t\t\t\t<div class=\"elementor-widget-container\">\n\t\t\t\t\t\t\t\t\t<p>Les mati\u00e8res premi\u00e8res sont trait\u00e9es avec art et transform\u00e9es en produits de valeur con\u00e7us pour am\u00e9liorer le plaisir de vivre la maison.<br \/>L\u2019\u00e9nergie devient art, la mati\u00e8re devient choix esth\u00e9tique, point de rencontre entre le design le plus audacieux et la fonctionnalit\u00e9 maximale. Atelier Nieri apporte une touche artistique dans tout contexte, en proposant une invitation \u00e0 la d\u00e9tente adapt\u00e9e au signe d\u2019une \u00e9poque de plus en plus fr\u00e9n\u00e9tique. Atelier Nieri propose constamment de nouvelles lignes, concevant et produisant des salons de haut niveau, avec une grande attention au respect du consommateur et de l\u2019espace dans lequel il vit.<\/p>\t\t\t\t\t\t\t\t<\/div>\n\t\t\t\t<\/div>\n\t\t\t\t\t<\/div>\n\t\t<\/div>\n\t\t\t\t\t<\/div>\n\t\t<\/section>\n\t\t\t\t<\/div>\n\t\t","protected":false},"excerpt":{"rendered":"<p>D esing Avant d\u2019\u00eatre un produi Atelier Nieri est une id\u00e9e de conception Maurizio Nieri, troisi\u00e8me g\u00e9n\u00e9ration et actuel directeur cr\u00e9atif de la soci\u00e9t\u00e9, identifie dans la culture du savoir-faire, dans l\u2019\u00e9thique du travail et dans la connaissance technique, les fondements de l\u2019Atelier Nieri. L\u2019entreprise confirme et enrichit chaque jour sa valeur cr\u00e9ative et qualitative avec un style de proposition unique et distinct, qui na\u00eet d\u2019une multiplicit\u00e9 de produits li\u00e9s \u00e0 la contemporan\u00e9it\u00e9. Toscane Le territoire, berceau du design La recherche de la forme juste est une vocation pour la qualit\u00e9 et tire sa valeur de l\u2019utilisation des mat\u00e9riaux pr\u00e9cieux et des inspirations sophistiqu\u00e9es qui d\u00e9rivent des paysages du panorama italien. Florence est aujourd\u2019hui une ville dynamique, c\u00e9l\u00e8bre pour ses activit\u00e9s cr\u00e9atives li\u00e9es \u00e0 la mode, au design, \u00e0 la restauration, \u00e0 l\u2019artisanat : pourtant le pass\u00e9 est omnipr\u00e9sent et le centre urbain et la campagne sont encore aujourd\u2019hui comme dans les si\u00e8cles pass\u00e9s indissolublement li\u00e9s. Et c\u2019est de ce panorama que l\u2019Atelier Nieri s\u2019inspire pour son design Made in Italy. Mode Style italien Le savoir-faire de l\u2019artisanat italien est un fil conducteur qui relie la mode au design. La mode italienne est li\u00e9e au concept plus g\u00e9n\u00e9ral du \u201cMade [&hellip;]<\/p>\n","protected":false},"author":2,"featured_media":0,"parent":0,"menu_order":0,"comment_status":"closed","ping_status":"closed","template":"full-width.php","meta":{"footnotes":""},"class_list":["post-5403","page","type-page","status-publish","hentry"],"yoast_head":"<!-- This site is optimized with the Yoast SEO plugin v25.5 - https:\/\/yoast.com\/wordpress\/plugins\/seo\/ -->\n<title>Design - Atelier Nieri<\/title>\n<meta name=\"robots\" content=\"index, follow, max-snippet:-1, max-image-preview:large, max-video-preview:-1\" \/>\n<link rel=\"canonical\" href=\"https:\/\/www.ateliernieri.it\/fr\/design\/\" \/>\n<meta property=\"og:locale\" content=\"fr_FR\" \/>\n<meta property=\"og:type\" content=\"article\" \/>\n<meta property=\"og:title\" content=\"Design - Atelier Nieri\" \/>\n<meta property=\"og:description\" content=\"D esing Avant d\u2019\u00eatre un produi Atelier Nieri est une id\u00e9e de conception Maurizio Nieri, troisi\u00e8me g\u00e9n\u00e9ration et actuel directeur cr\u00e9atif de la soci\u00e9t\u00e9, identifie dans la culture du savoir-faire, dans l\u2019\u00e9thique du travail et dans la connaissance technique, les fondements de l\u2019Atelier Nieri. L\u2019entreprise confirme et enrichit chaque jour sa valeur cr\u00e9ative et qualitative avec un style de proposition unique et distinct, qui na\u00eet d\u2019une multiplicit\u00e9 de produits li\u00e9s \u00e0 la contemporan\u00e9it\u00e9. Toscane Le territoire, berceau du design La recherche de la forme juste est une vocation pour la qualit\u00e9 et tire sa valeur de l\u2019utilisation des mat\u00e9riaux pr\u00e9cieux et des inspirations sophistiqu\u00e9es qui d\u00e9rivent des paysages du panorama italien. Florence est aujourd\u2019hui une ville dynamique, c\u00e9l\u00e8bre pour ses activit\u00e9s cr\u00e9atives li\u00e9es \u00e0 la mode, au design, \u00e0 la restauration, \u00e0 l\u2019artisanat : pourtant le pass\u00e9 est omnipr\u00e9sent et le centre urbain et la campagne sont encore aujourd\u2019hui comme dans les si\u00e8cles pass\u00e9s indissolublement li\u00e9s. Et c\u2019est de ce panorama que l\u2019Atelier Nieri s\u2019inspire pour son design Made in Italy. Mode Style italien Le savoir-faire de l\u2019artisanat italien est un fil conducteur qui relie la mode au design. La mode italienne est li\u00e9e au concept plus g\u00e9n\u00e9ral du \u201cMade [&hellip;]\" \/>\n<meta property=\"og:url\" content=\"https:\/\/www.ateliernieri.it\/fr\/design\/\" \/>\n<meta property=\"og:site_name\" content=\"Atelier Nieri\" \/>\n<meta property=\"article:publisher\" content=\"https:\/\/www.facebook.com\/107872960628800\/\" \/>\n<meta property=\"article:modified_time\" content=\"2022-05-17T12:06:23+00:00\" \/>\n<meta property=\"og:image\" content=\"https:\/\/www.ateliernieri.it\/\/wp-content\/uploads\/2022\/05\/Maurizio-Nieri-8408-1.jpg\" \/>\n<meta name=\"twitter:label1\" content=\"Dur\u00e9e de lecture estim\u00e9e\" \/>\n\t<meta name=\"twitter:data1\" content=\"3 minutes\" \/>\n<script type=\"application\/ld+json\" class=\"yoast-schema-graph\">{\"@context\":\"https:\/\/schema.org\",\"@graph\":[{\"@type\":\"WebPage\",\"@id\":\"https:\/\/www.ateliernieri.it\/fr\/design\/\",\"url\":\"https:\/\/www.ateliernieri.it\/fr\/design\/\",\"name\":\"Design - Atelier Nieri\",\"isPartOf\":{\"@id\":\"https:\/\/www.ateliernieri.it\/#website\"},\"primaryImageOfPage\":{\"@id\":\"https:\/\/www.ateliernieri.it\/fr\/design\/#primaryimage\"},\"image\":{\"@id\":\"https:\/\/www.ateliernieri.it\/fr\/design\/#primaryimage\"},\"thumbnailUrl\":\"https:\/\/www.ateliernieri.it\/\/wp-content\/uploads\/2022\/05\/Maurizio-Nieri-8408-1.jpg\",\"datePublished\":\"2022-05-11T08:21:12+00:00\",\"dateModified\":\"2022-05-17T12:06:23+00:00\",\"inLanguage\":\"fr-FR\",\"potentialAction\":[{\"@type\":\"ReadAction\",\"target\":[\"https:\/\/www.ateliernieri.it\/fr\/design\/\"]}]},{\"@type\":\"ImageObject\",\"inLanguage\":\"fr-FR\",\"@id\":\"https:\/\/www.ateliernieri.it\/fr\/design\/#primaryimage\",\"url\":\"https:\/\/www.ateliernieri.it\/\/wp-content\/uploads\/2022\/05\/Maurizio-Nieri-8408-1.jpg\",\"contentUrl\":\"https:\/\/www.ateliernieri.it\/\/wp-content\/uploads\/2022\/05\/Maurizio-Nieri-8408-1.jpg\"},{\"@type\":\"WebSite\",\"@id\":\"https:\/\/www.ateliernieri.it\/#website\",\"url\":\"https:\/\/www.ateliernieri.it\/\",\"name\":\"Atelier Nieri\",\"description\":\"Divani e Poltrone di design\",\"potentialAction\":[{\"@type\":\"SearchAction\",\"target\":{\"@type\":\"EntryPoint\",\"urlTemplate\":\"https:\/\/www.ateliernieri.it\/?s={search_term_string}\"},\"query-input\":{\"@type\":\"PropertyValueSpecification\",\"valueRequired\":true,\"valueName\":\"search_term_string\"}}],\"inLanguage\":\"fr-FR\"}]}<\/script>\n<!-- \/ Yoast SEO plugin. -->","yoast_head_json":{"title":"Design - Atelier Nieri","robots":{"index":"index","follow":"follow","max-snippet":"max-snippet:-1","max-image-preview":"max-image-preview:large","max-video-preview":"max-video-preview:-1"},"canonical":"https:\/\/www.ateliernieri.it\/fr\/design\/","og_locale":"fr_FR","og_type":"article","og_title":"Design - Atelier Nieri","og_description":"D esing Avant d\u2019\u00eatre un produi Atelier Nieri est une id\u00e9e de conception Maurizio Nieri, troisi\u00e8me g\u00e9n\u00e9ration et actuel directeur cr\u00e9atif de la soci\u00e9t\u00e9, identifie dans la culture du savoir-faire, dans l\u2019\u00e9thique du travail et dans la connaissance technique, les fondements de l\u2019Atelier Nieri. L\u2019entreprise confirme et enrichit chaque jour sa valeur cr\u00e9ative et qualitative avec un style de proposition unique et distinct, qui na\u00eet d\u2019une multiplicit\u00e9 de produits li\u00e9s \u00e0 la contemporan\u00e9it\u00e9. Toscane Le territoire, berceau du design La recherche de la forme juste est une vocation pour la qualit\u00e9 et tire sa valeur de l\u2019utilisation des mat\u00e9riaux pr\u00e9cieux et des inspirations sophistiqu\u00e9es qui d\u00e9rivent des paysages du panorama italien. Florence est aujourd\u2019hui une ville dynamique, c\u00e9l\u00e8bre pour ses activit\u00e9s cr\u00e9atives li\u00e9es \u00e0 la mode, au design, \u00e0 la restauration, \u00e0 l\u2019artisanat : pourtant le pass\u00e9 est omnipr\u00e9sent et le centre urbain et la campagne sont encore aujourd\u2019hui comme dans les si\u00e8cles pass\u00e9s indissolublement li\u00e9s. Et c\u2019est de ce panorama que l\u2019Atelier Nieri s\u2019inspire pour son design Made in Italy. Mode Style italien Le savoir-faire de l\u2019artisanat italien est un fil conducteur qui relie la mode au design. La mode italienne est li\u00e9e au concept plus g\u00e9n\u00e9ral du \u201cMade [&hellip;]","og_url":"https:\/\/www.ateliernieri.it\/fr\/design\/","og_site_name":"Atelier Nieri","article_publisher":"https:\/\/www.facebook.com\/107872960628800\/","article_modified_time":"2022-05-17T12:06:23+00:00","og_image":[{"url":"https:\/\/www.ateliernieri.it\/\/wp-content\/uploads\/2022\/05\/Maurizio-Nieri-8408-1.jpg","type":"","width":"","height":""}],"twitter_misc":{"Dur\u00e9e de lecture estim\u00e9e":"3 minutes"},"schema":{"@context":"https:\/\/schema.org","@graph":[{"@type":"WebPage","@id":"https:\/\/www.ateliernieri.it\/fr\/design\/","url":"https:\/\/www.ateliernieri.it\/fr\/design\/","name":"Design - Atelier Nieri","isPartOf":{"@id":"https:\/\/www.ateliernieri.it\/#website"},"primaryImageOfPage":{"@id":"https:\/\/www.ateliernieri.it\/fr\/design\/#primaryimage"},"image":{"@id":"https:\/\/www.ateliernieri.it\/fr\/design\/#primaryimage"},"thumbnailUrl":"https:\/\/www.ateliernieri.it\/\/wp-content\/uploads\/2022\/05\/Maurizio-Nieri-8408-1.jpg","datePublished":"2022-05-11T08:21:12+00:00","dateModified":"2022-05-17T12:06:23+00:00","inLanguage":"fr-FR","potentialAction":[{"@type":"ReadAction","target":["https:\/\/www.ateliernieri.it\/fr\/design\/"]}]},{"@type":"ImageObject","inLanguage":"fr-FR","@id":"https:\/\/www.ateliernieri.it\/fr\/design\/#primaryimage","url":"https:\/\/www.ateliernieri.it\/\/wp-content\/uploads\/2022\/05\/Maurizio-Nieri-8408-1.jpg","contentUrl":"https:\/\/www.ateliernieri.it\/\/wp-content\/uploads\/2022\/05\/Maurizio-Nieri-8408-1.jpg"},{"@type":"WebSite","@id":"https:\/\/www.ateliernieri.it\/#website","url":"https:\/\/www.ateliernieri.it\/","name":"Atelier Nieri","description":"Divani e Poltrone di design","potentialAction":[{"@type":"SearchAction","target":{"@type":"EntryPoint","urlTemplate":"https:\/\/www.ateliernieri.it\/?s={search_term_string}"},"query-input":{"@type":"PropertyValueSpecification","valueRequired":true,"valueName":"search_term_string"}}],"inLanguage":"fr-FR"}]}},"_links":{"self":[{"href":"https:\/\/www.ateliernieri.it\/fr\/wp-json\/wp\/v2\/pages\/5403","targetHints":{"allow":["GET"]}}],"collection":[{"href":"https:\/\/www.ateliernieri.it\/fr\/wp-json\/wp\/v2\/pages"}],"about":[{"href":"https:\/\/www.ateliernieri.it\/fr\/wp-json\/wp\/v2\/types\/page"}],"author":[{"embeddable":true,"href":"https:\/\/www.ateliernieri.it\/fr\/wp-json\/wp\/v2\/users\/2"}],"replies":[{"embeddable":true,"href":"https:\/\/www.ateliernieri.it\/fr\/wp-json\/wp\/v2\/comments?post=5403"}],"version-history":[{"count":5,"href":"https:\/\/www.ateliernieri.it\/fr\/wp-json\/wp\/v2\/pages\/5403\/revisions"}],"predecessor-version":[{"id":5713,"href":"https:\/\/www.ateliernieri.it\/fr\/wp-json\/wp\/v2\/pages\/5403\/revisions\/5713"}],"wp:attachment":[{"href":"https:\/\/www.ateliernieri.it\/fr\/wp-json\/wp\/v2\/media?parent=5403"}],"curies":[{"name":"wp","href":"https:\/\/api.w.org\/{rel}","templated":true}]}}